{"id":4424,"date":"2021-04-08T21:01:45","date_gmt":"2021-04-08T18:01:45","guid":{"rendered":"https:\/\/fashionhouse.ee\/shop\/kaevoru\/"},"modified":"2021-04-08T21:01:45","modified_gmt":"2021-04-08T18:01:45","slug":"kaevoru-slip-on","status":"publish","type":"product","link":"https:\/\/fashionhouse.ee\/et\/shop\/kaevoru-slip-on\/","title":{"rendered":"K\u00e4ev\u00f5ru"},"content":{"rendered":"","protected":false},"excerpt":{"rendered":"<hr>\n<p>Kergesti k\u00e4tte libistatav h\u00f5bedane k\u00e4ev\u00f5ru valge tsirkooniumoksiidiga. \u2022 Sertifitseeritud looduslikud kivid.<br \/>\n\u2022 Disainitud &amp; valmistatud Itaalias<br \/>\n\u2022 Nikli- ja kaadiumivaba, h\u00fcpoallergeenne<\/p>\n","protected":false},"featured_media":4084,"template":"","meta":{"inline_featured_image":false,"_mi_skip_tracking":false,"site-sidebar-layout":"default","site-content-layout":"default","ast-global-header-display":"","ast-main-header-display":"","ast-hfb-above-header-display":"","ast-hfb-below-header-display":"","ast-hfb-mobile-header-display":"","site-post-title":"","ast-breadcrumbs-content":"","ast-featured-img":"","footer-sml-layout":"","theme-transparent-header-meta":"default","adv-header-id-meta":"","stick-header-meta":"default","header-above-stick-meta":"","header-main-stick-meta":"","header-below-stick-meta":""},"product_cat":[132,133],"product_tag":[],"class_list":["post-4424","product","type-product","status-publish","has-post-thumbnail","hentry","product_cat-ehted","product_cat-kaevorud","desktop-align-left","tablet-align-left","mobile-align-left","ast-product-gallery-layout-horizontal","ast-product-gallery-with-no-image","ast-product-tabs-layout-horizontal","ast-qv-on-image"],"_links":{"self":[{"href":"https:\/\/fashionhouse.ee\/et\/wp-json\/wp\/v3\/product\/4424","targetHints":{"allow":["GET"]}}],"collection":[{"href":"https:\/\/fashionhouse.ee\/et\/wp-json\/wp\/v3\/product"}],"about":[{"href":"https:\/\/fashionhouse.ee\/et\/wp-json\/wp\/v2\/types\/product"}],"wp:featuredmedia":[{"embeddable":true,"href":"https:\/\/fashionhouse.ee\/et\/wp-json\/wp\/v2\/media\/4084"}],"wp:attachment":[{"href":"https:\/\/fashionhouse.ee\/et\/wp-json\/wp\/v2\/media?parent=4424"}],"wp:term":[{"taxonomy":"product_cat","embeddable":true,"href":"https:\/\/fashionhouse.ee\/et\/wp-json\/wp\/v2\/product_cat?post=4424"},{"taxonomy":"product_tag","embeddable":true,"href":"https:\/\/fashionhouse.ee\/et\/wp-json\/wp\/v2\/product_tag?post=4424"}],"curies":[{"name":"wp","href":"https:\/\/api.w.org\/{rel}","templated":true}]}}